{"id":12,"date":"2024-01-29T21:19:09","date_gmt":"2024-01-29T21:19:09","guid":{"rendered":"https:\/\/tr3sagencia.com.br\/?page_id=12"},"modified":"2025-11-14T17:43:40","modified_gmt":"2025-11-14T17:43:40","slug":"landing-page","status":"publish","type":"page","link":"https:\/\/tr3sagencia.com.br\/","title":{"rendered":"Landing Page"},"content":{"rendered":"\t\t<div data-elementor-type=\"wp-page\" data-elementor-id=\"12\" class=\"elementor elementor-12\" data-elementor-post-type=\"page\">\n\t\t\t\t<div class=\"elementor-element elementor-element-e5b024f e-flex e-con-boxed e-con e-parent\" data-id=\"e5b024f\" data-element_type=\"container\" data-settings=\"{&quot;background_background&quot;:&quot;gradient&quot;,&quot;jet_parallax_layout_list&quot;:[],&quot;content_width&quot;:&quot;boxed&quot;,&quot;ekit_has_onepagescroll_dot&quot;:&quot;yes&quot;}\" data-core-v316-plus=\"true\">\n\t\t\t\t\t<div class=\"e-con-inner\">\n\t\t\t\t<div class=\"elementor-element elementor-element-234809e elementor-widget elementor-widget-theme-site-logo elementor-widget-image\" data-id=\"234809e\" data-element_type=\"widget\" data-settings=\"{&quot;ekit_we_effect_on&quot;:&quot;none&quot;}\" data-widget_type=\"theme-site-logo.default\">\n\t\t\t\t<div class=\"elementor-widget-container\">\n\t\t\t<style>\/*! elementor - v3.19.0 - 29-01-2024 *\/\n.elementor-widget-image{text-align:center}.elementor-widget-image a{display:inline-block}.elementor-widget-image a img[src$=\".svg\"]{width:48px}.elementor-widget-image img{vertical-align:middle;display:inline-block}<\/style>\t\t\t\t\t<div class=\"elementor-image\">\n\t\t\t\t\t\t\t\t<a href=\"https:\/\/tr3sagencia.com.br\">\n\t\t\t<img fetchpriority=\"high\" decoding=\"async\" width=\"1472\" height=\"371\" src=\"https:\/\/tr3sagencia.com.br\/wp-content\/uploads\/2024\/01\/tres.png\" class=\"attachment-full size-full wp-image-94\" alt=\"\" srcset=\"https:\/\/tr3sagencia.com.br\/wp-content\/uploads\/2024\/01\/tres.png 1472w, https:\/\/tr3sagencia.com.br\/wp-content\/uploads\/2024\/01\/tres-300x76.png 300w, https:\/\/tr3sagencia.com.br\/wp-content\/uploads\/2024\/01\/tres-1024x258.png 1024w, https:\/\/tr3sagencia.com.br\/wp-content\/uploads\/2024\/01\/tres-768x194.png 768w\" sizes=\"(max-width: 1472px) 100vw, 1472px\" \/>\t\t\t\t<\/a>\n\t\t\t\t\t\t\t\t\t\t<\/div>\n\t\t\t\t\t\t<\/div>\n\t\t\t\t<\/div>\n\t\t\t\t<div class=\"elementor-element elementor-element-68e5ad5 elementor-widget__width-initial elementor-widget elementor-widget-text-editor\" data-id=\"68e5ad5\" data-element_type=\"widget\" data-settings=\"{&quot;ekit_we_effect_on&quot;:&quot;none&quot;}\" data-widget_type=\"text-editor.default\">\n\t\t\t\t<div class=\"elementor-widget-container\">\n\t\t\t<style>\/*! elementor - v3.19.0 - 29-01-2024 *\/\n.elementor-widget-text-editor.elementor-drop-cap-view-stacked .elementor-drop-cap{background-color:#69727d;color:#fff}.elementor-widget-text-editor.elementor-drop-cap-view-framed .elementor-drop-cap{color:#69727d;border:3px solid;background-color:transparent}.elementor-widget-text-editor:not(.elementor-drop-cap-view-default) .elementor-drop-cap{margin-top:8px}.elementor-widget-text-editor:not(.elementor-drop-cap-view-default) .elementor-drop-cap-letter{width:1em;height:1em}.elementor-widget-text-editor .elementor-drop-cap{float:left;text-align:center;line-height:1;font-size:50px}.elementor-widget-text-editor .elementor-drop-cap-letter{display:inline-block}<\/style>\t\t\t\t<p>TR3S Marketing Digital \u00e9 uma ag\u00eancia especializada em performance e automa\u00e7\u00e3o de marketing. Atuamos com gest\u00e3o de campanhas no Google Ads, Meta Ads e YouTube Ads, al\u00e9m de desenvolvimento de integra\u00e7\u00f5es com CRMs e automa\u00e7\u00f5es via n8n e Make.<br \/><br \/>Utilizamos o Google Ads para gera\u00e7\u00e3o de leads e an\u00e1lise de performance de campanhas, e a API do Google Ads para automatizar o envio de convers\u00f5es (como leads qualificados e vendas) diretamente do CRM para o Google Ads, garantindo melhor mensura\u00e7\u00e3o de resultados e otimiza\u00e7\u00e3o de estrat\u00e9gias de m\u00eddia paga.<\/p>\t\t\t\t\t\t<\/div>\n\t\t\t\t<\/div>\n\t\t\t\t<div class=\"elementor-element elementor-element-5a9db22 elementor-widget elementor-widget-button\" data-id=\"5a9db22\" data-element_type=\"widget\" data-settings=\"{&quot;ekit_we_effect_on&quot;:&quot;none&quot;}\" data-widget_type=\"button.default\">\n\t\t\t\t<div class=\"elementor-widget-container\">\n\t\t\t\t\t<div class=\"elementor-button-wrapper\">\n\t\t\t<a class=\"elementor-button elementor-button-link elementor-size-sm\" href=\"https:\/\/api.whatsapp.com\/send?phone=5517997086408&#038;text=Fiquei%20com%20d%C3%BAvidas%20na%20proposta\">\n\t\t\t\t\t\t<span class=\"elementor-button-content-wrapper\">\n\t\t\t\t\t\t<span class=\"elementor-button-text\">SAIBA MAIS NO WHATSAPP<\/span>\n\t\t<\/span>\n\t\t\t\t\t<\/a>\n\t\t<\/div>\n\t\t\t\t<\/div>\n\t\t\t\t<\/div>\n\t\t\t\t\t<\/div>\n\t\t\t\t<\/div>\n\t\t\t\t<\/div>\n\t\t","protected":false},"excerpt":{"rendered":"<p>TR3S Marketing Digital \u00e9 uma ag\u00eancia especializada em performance e automa\u00e7\u00e3o de marketing. Atuamos com gest\u00e3o de campanhas no Google Ads, Meta Ads e YouTube Ads, al\u00e9m de desenvolvimento de integra\u00e7\u00f5es com CRMs e automa\u00e7\u00f5es via n8n e Make. Utilizamos o Google Ads para gera\u00e7\u00e3o de leads e an\u00e1lise de performance de campanhas, e a [&hellip;]<\/p>\n","protected":false},"author":1,"featured_media":0,"parent":0,"menu_order":0,"comment_status":"closed","ping_status":"closed","template":"elementor_canvas","meta":{"footnotes":""},"class_list":["post-12","page","type-page","status-publish","hentry"],"_links":{"self":[{"href":"https:\/\/tr3sagencia.com.br\/index.php\/wp-json\/wp\/v2\/pages\/12"}],"collection":[{"href":"https:\/\/tr3sagencia.com.br\/index.php\/wp-json\/wp\/v2\/pages"}],"about":[{"href":"https:\/\/tr3sagencia.com.br\/index.php\/wp-json\/wp\/v2\/types\/page"}],"author":[{"embeddable":true,"href":"https:\/\/tr3sagencia.com.br\/index.php\/wp-json\/wp\/v2\/users\/1"}],"replies":[{"embeddable":true,"href":"https:\/\/tr3sagencia.com.br\/index.php\/wp-json\/wp\/v2\/comments?post=12"}],"version-history":[{"count":13,"href":"https:\/\/tr3sagencia.com.br\/index.php\/wp-json\/wp\/v2\/pages\/12\/revisions"}],"predecessor-version":[{"id":99,"href":"https:\/\/tr3sagencia.com.br\/index.php\/wp-json\/wp\/v2\/pages\/12\/revisions\/99"}],"wp:attachment":[{"href":"https:\/\/tr3sagencia.com.br\/index.php\/wp-json\/wp\/v2\/media?parent=12"}],"curies":[{"name":"wp","href":"https:\/\/api.w.org\/{rel}","templated":true}]}}